{"id":6,"date":"2024-09-03T07:48:18","date_gmt":"2024-09-03T07:48:18","guid":{"rendered":"http:\/\/forth.se\/webb2024\/?page_id=6"},"modified":"2025-05-10T09:58:50","modified_gmt":"2025-05-10T09:58:50","slug":"visuell-kommunikation-design-och-begripliggorande","status":"publish","type":"page","link":"https:\/\/forth.se\/","title":{"rendered":"Visuell kommunikation, design och begripliggorande"},"content":{"rendered":"<p>[et_pb_section fb_built=&#8221;1&#8243; _builder_version=&#8221;4.27.0&#8243; _module_preset=&#8221;default&#8221; custom_margin=&#8221;77px||0px||false|false&#8221; custom_padding=&#8221;1px||61px||false|false&#8221; global_colors_info=&#8221;{}&#8221;][et_pb_row _builder_version=&#8221;4.27.0&#8243; _module_preset=&#8221;default&#8221; custom_margin=&#8221;|auto||auto|false|false&#8221; global_colors_info=&#8221;{}&#8221;][et_pb_column type=&#8221;4_4&#8243; _builder_version=&#8221;4.27.0&#8243; _module_preset=&#8221;default&#8221; global_colors_info=&#8221;{}&#8221;][et_pb_text _builder_version=&#8221;4.27.4&#8243; _module_preset=&#8221;default&#8221; text_font=&#8221;||||||||&#8221; header_font=&#8221;&#8211;et_global_heading_font|500||on|||||&#8221; header_text_color=&#8221;#000000&#8243; header_font_size=&#8221;20px&#8221; header_letter_spacing=&#8221;2px&#8221; header_2_font=&#8221;&#8211;et_global_body_font|300||on|||||&#8221; header_2_text_color=&#8221;#000000&#8243; header_2_font_size=&#8221;84px&#8221; header_2_letter_spacing=&#8221;-4px&#8221; header_2_line_height=&#8221;0.9em&#8221; custom_margin=&#8221;-15px||||false|false&#8221; hover_enabled=&#8221;0&#8243; header_font_size_tablet=&#8221;17px&#8221; header_font_size_phone=&#8221;16px&#8221; header_font_size_last_edited=&#8221;on|tablet&#8221; inline_fonts=&#8221;Switzer Bold&#8221; global_colors_info=&#8221;{}&#8221; link_text_color__hover_enabled=&#8221;on|hover&#8221; link_text_color__hover=&#8221;#bfbfbf&#8221; sticky_enabled=&#8221;0&#8243; header_2_font_size_last_edited=&#8221;on|phone&#8221; header_2_font_size_phone=&#8221;39px&#8221; header_2_font_size_tablet=&#8221;68px&#8221;]<\/p>\n<h1>Grafisk design och begripligg\u00f6rande:<\/h1>\n<h2><a href=\"https:\/\/forth.se\/index.php\/infografik-och-rapporter\/\">Infografik &amp; Rapporter<\/a><\/h2>\n<h2><a href=\"https:\/\/forth.se\/index.php\/logotyper-och-identitet\/\">Logotyper &amp; Identitet<\/a><\/h2>\n<h2><a href=\"https:\/\/forth.se\/index.php\/utstallningar-och-presentationer\/\">Utst\u00e4llningar &amp; Presentationer<\/a><\/h2>\n<p>[\/et_pb_text][\/et_pb_column][\/et_pb_row][\/et_pb_section][et_pb_section fb_built=&#8221;1&#8243; _builder_version=&#8221;4.27.0&#8243; _module_preset=&#8221;default&#8221; custom_margin=&#8221;0px||||false|false&#8221; custom_padding=&#8221;0px||||false|false&#8221; global_colors_info=&#8221;{}&#8221;][et_pb_row custom_padding_last_edited=&#8221;on|desktop&#8221; _builder_version=&#8221;4.27.0&#8243; _module_preset=&#8221;default&#8221; width=&#8221;100%&#8221; custom_margin=&#8221;0px||||false|false&#8221; custom_margin_tablet=&#8221;0px||||false|false&#8221; custom_margin_phone=&#8221;||||false|false&#8221; custom_margin_last_edited=&#8221;on|tablet&#8221; custom_padding=&#8221;0px|0px||0px|false|false&#8221; custom_padding_tablet=&#8221;|80px||80px|false|false&#8221; custom_padding_phone=&#8221;|40px||40px|false|false&#8221; global_colors_info=&#8221;{}&#8221;][et_pb_column type=&#8221;4_4&#8243; _builder_version=&#8221;4.27.0&#8243; _module_preset=&#8221;default&#8221; global_colors_info=&#8221;{}&#8221;][et_pb_portfolio fullwidth=&#8221;off&#8221; posts_number=&#8221;24&#8243; zoom_icon_color=&#8221;#000000&#8243; hover_overlay_color=&#8221;rgba(255,255,255,0.62)&#8221; _builder_version=&#8221;4.27.4&#8243; _module_preset=&#8221;default&#8221; title_font=&#8221;&#8211;et_global_body_font||||||||&#8221; title_font_size=&#8221;16px&#8221; animation_style=&#8221;fade&#8221; global_colors_info=&#8221;{}&#8221;][\/et_pb_portfolio][\/et_pb_column][\/et_pb_row][\/et_pb_section][et_pb_section fb_built=&#8221;1&#8243; _builder_version=&#8221;4.27.0&#8243; _module_preset=&#8221;default&#8221; custom_margin=&#8221;0px||0px||false|false&#8221; custom_padding=&#8221;0px||0px||false|false&#8221; global_colors_info=&#8221;{}&#8221;][et_pb_row column_structure=&#8221;1_2,1_2&#8243; _builder_version=&#8221;4.27.0&#8243; _module_preset=&#8221;default&#8221; global_colors_info=&#8221;{}&#8221;][et_pb_column type=&#8221;1_2&#8243; _builder_version=&#8221;4.27.0&#8243; _module_preset=&#8221;default&#8221; global_colors_info=&#8221;{}&#8221;][et_pb_text _builder_version=&#8221;4.27.0&#8243; _module_preset=&#8221;default&#8221; text_text_color=&#8221;#000000&#8243; custom_margin=&#8221;0px||||false|false&#8221; custom_padding=&#8221;0px|||||&#8221; inline_fonts=&#8221;Switzer Bold&#8221; global_colors_info=&#8221;{}&#8221;]<\/p>\n<p>Vi arbetar med visuell kommunikation och design. V\u00e5ra kunder har ofta en komplex fr\u00e5ga som beh\u00f6ver g\u00f6ras begriplig. Det kan handla om \u00e4mnen som social, ekonomisk och milj\u00f6m\u00e4ssig h\u00e5llbarhet samt finansiell f\u00f6rmedling.<\/p>\n<p>Vi producerar bland annat:\u00a0<\/p>\n<ul>\n<li>Rapporter, \u00e5rsredovisningar, h\u00e5llbarhetsrapporter, presentationer och utst\u00e4llningsmaterial.<\/li>\n<li>Infografik, f\u00f6rklarande filmer, interaktiva presentationer, analys, diagram och figurer, utbildning<\/li>\n<li>Grafiska identiteter, logotyper, folders, posters, utst\u00e4llningsmaterial, animation, illustration.<\/li>\n<\/ul>\n<p>[\/et_pb_text][\/et_pb_column][et_pb_column type=&#8221;1_2&#8243; _builder_version=&#8221;4.27.0&#8243; _module_preset=&#8221;default&#8221; global_colors_info=&#8221;{}&#8221;][\/et_pb_column][\/et_pb_row][\/et_pb_section][et_pb_section fb_built=&#8221;1&#8243; fullwidth=&#8221;on&#8221; _builder_version=&#8221;4.27.0&#8243; _module_preset=&#8221;default&#8221; global_colors_info=&#8221;{}&#8221;][\/et_pb_section]<\/p>\n","protected":false},"excerpt":{"rendered":"<p>Grafisk design och begripligg\u00f6rande: Infografik &amp; Rapporter Logotyper &amp; Identitet Utst\u00e4llningar &amp; PresentationerVi arbetar med visuell kommunikation och design. V\u00e5ra kunder har ofta en komplex fr\u00e5ga som beh\u00f6ver g\u00f6ras begriplig. Det kan handla om \u00e4mnen som social, ekonomisk och milj\u00f6m\u00e4ssig h\u00e5llbarhet samt finansiell f\u00f6rmedling. Vi producerar bland annat:\u00a0 Rapporter, \u00e5rsredovisningar, h\u00e5llbarhetsrapporter, presentationer och utst\u00e4llningsmaterial. Infografik, [&hellip;]<\/p>\n","protected":false},"author":1,"featured_media":671,"parent":0,"menu_order":0,"comment_status":"closed","ping_status":"closed","template":"","meta":{"_et_pb_use_builder":"on","_et_pb_old_content":"","_et_gb_content_width":"","footnotes":""},"class_list":["post-6","page","type-page","status-publish","has-post-thumbnail","hentry"],"yoast_head":"<!-- This site is optimized with the Yoast SEO Premium plugin v25.0 (Yoast SEO v25.0) - https:\/\/yoast.com\/wordpress\/plugins\/seo\/ -->\n<title>Visuell kommunikation, design och begripliggorande - Forth Design<\/title>\n<meta name=\"description\" content=\"En byr\u00e5 f\u00f6r visuell kommunikation och design. Vi f\u00f6rmedlar, formger, f\u00f6rklarar och begripligg\u00f6r.\" \/>\n<meta name=\"robots\" content=\"index, follow, max-snippet:-1, max-image-preview:large, max-video-preview:-1\" \/>\n<link rel=\"canonical\" href=\"https:\/\/forth.se\/\" \/>\n<meta name=\"twitter:card\" content=\"summary_large_image\" \/>\n<meta name=\"twitter:title\" content=\"Visuell kommunikation, design och begripliggorande - Forth Design\" \/>\n<meta name=\"twitter:description\" content=\"En byr\u00e5 f\u00f6r visuell kommunikation och design. Vi f\u00f6rmedlar, formger, f\u00f6rklarar och begripligg\u00f6r.\" \/>\n<meta name=\"twitter:image\" content=\"https:\/\/forth.se\/webb2024\/wp-content\/uploads\/2024\/10\/site-image-1200x675-100.jpg\" \/>\n<meta name=\"twitter:label1\" content=\"Est. reading time\" \/>\n\t<meta name=\"twitter:data1\" content=\"4 minutes\" \/>\n<script type=\"application\/ld+json\" class=\"yoast-schema-graph\">{\"@context\":\"https:\/\/schema.org\",\"@graph\":[{\"@type\":\"WebPage\",\"@id\":\"https:\/\/forth.se\/\",\"url\":\"https:\/\/forth.se\/\",\"name\":\"Visuell kommunikation, design och begripliggorande - Forth Design\",\"isPartOf\":{\"@id\":\"https:\/\/forth.se\/#website\"},\"primaryImageOfPage\":{\"@id\":\"https:\/\/forth.se\/#primaryimage\"},\"image\":{\"@id\":\"https:\/\/forth.se\/#primaryimage\"},\"thumbnailUrl\":\"https:\/\/forth.se\/webb2024\/wp-content\/uploads\/2024\/10\/site-image-1200x675-100.jpg\",\"datePublished\":\"2024-09-03T07:48:18+00:00\",\"dateModified\":\"2025-05-10T09:58:50+00:00\",\"description\":\"En byr\u00e5 f\u00f6r visuell kommunikation och design. Vi f\u00f6rmedlar, formger, f\u00f6rklarar och begripligg\u00f6r.\",\"breadcrumb\":{\"@id\":\"https:\/\/forth.se\/#breadcrumb\"},\"inLanguage\":\"en-US\",\"potentialAction\":[{\"@type\":\"ReadAction\",\"target\":[\"https:\/\/forth.se\/\"]}]},{\"@type\":\"ImageObject\",\"inLanguage\":\"en-US\",\"@id\":\"https:\/\/forth.se\/#primaryimage\",\"url\":\"https:\/\/forth.se\/webb2024\/wp-content\/uploads\/2024\/10\/site-image-1200x675-100.jpg\",\"contentUrl\":\"https:\/\/forth.se\/webb2024\/wp-content\/uploads\/2024\/10\/site-image-1200x675-100.jpg\",\"width\":1200,\"height\":675,\"caption\":\"Forth Design\"},{\"@type\":\"BreadcrumbList\",\"@id\":\"https:\/\/forth.se\/#breadcrumb\",\"itemListElement\":[{\"@type\":\"ListItem\",\"position\":1,\"name\":\"Home\",\"item\":\"https:\/\/forth.se\/\"},{\"@type\":\"ListItem\",\"position\":2,\"name\":\"Visuell kommunikation, design och begripliggorande\"}]},{\"@type\":\"WebSite\",\"@id\":\"https:\/\/forth.se\/#website\",\"url\":\"https:\/\/forth.se\/\",\"name\":\"Forth Design\",\"description\":\"Begripligg\u00f6rande design och kommunikation\",\"publisher\":{\"@id\":\"https:\/\/forth.se\/#organization\"},\"potentialAction\":[{\"@type\":\"SearchAction\",\"target\":{\"@type\":\"EntryPoint\",\"urlTemplate\":\"https:\/\/forth.se\/?s={search_term_string}\"},\"query-input\":{\"@type\":\"PropertyValueSpecification\",\"valueRequired\":true,\"valueName\":\"search_term_string\"}}],\"inLanguage\":\"en-US\"},{\"@type\":\"Organization\",\"@id\":\"https:\/\/forth.se\/#organization\",\"name\":\"Forth Design\",\"url\":\"https:\/\/forth.se\/\",\"logo\":{\"@type\":\"ImageObject\",\"inLanguage\":\"en-US\",\"@id\":\"https:\/\/forth.se\/#\/schema\/logo\/image\/\",\"url\":\"https:\/\/forth.se\/webb2024\/wp-content\/uploads\/2024\/10\/Organization-logo-696x696-100.jpg\",\"contentUrl\":\"https:\/\/forth.se\/webb2024\/wp-content\/uploads\/2024\/10\/Organization-logo-696x696-100.jpg\",\"width\":696,\"height\":697,\"caption\":\"Forth Design\"},\"image\":{\"@id\":\"https:\/\/forth.se\/#\/schema\/logo\/image\/\"},\"sameAs\":[\"https:\/\/www.linkedin.com\/in\/mikaelforth\/\"],\"description\":\"Forth Design arbetar med visuell kommunikation och design. V\u00e5ra kunder har ofta en komplex fr\u00e5ga som beh\u00f6ver g\u00f6ras begriplig. Det kan handla om \u00e4mnen som social, ekonomisk och milj\u00f6m\u00e4ssig h\u00e5llbarhet samt finansiell f\u00f6rmedling.\",\"email\":\"mikael@forth.se\",\"legalName\":\"4th Design AB\"}]}<\/script>\n<!-- \/ Yoast SEO Premium plugin. -->","yoast_head_json":{"title":"Visuell kommunikation, design och begripliggorande - Forth Design","description":"En byr\u00e5 f\u00f6r visuell kommunikation och design. Vi f\u00f6rmedlar, formger, f\u00f6rklarar och begripligg\u00f6r.","robots":{"index":"index","follow":"follow","max-snippet":"max-snippet:-1","max-image-preview":"max-image-preview:large","max-video-preview":"max-video-preview:-1"},"canonical":"https:\/\/forth.se\/","twitter_card":"summary_large_image","twitter_title":"Visuell kommunikation, design och begripliggorande - Forth Design","twitter_description":"En byr\u00e5 f\u00f6r visuell kommunikation och design. Vi f\u00f6rmedlar, formger, f\u00f6rklarar och begripligg\u00f6r.","twitter_image":"https:\/\/forth.se\/webb2024\/wp-content\/uploads\/2024\/10\/site-image-1200x675-100.jpg","twitter_misc":{"Est. reading time":"4 minutes"},"schema":{"@context":"https:\/\/schema.org","@graph":[{"@type":"WebPage","@id":"https:\/\/forth.se\/","url":"https:\/\/forth.se\/","name":"Visuell kommunikation, design och begripliggorande - Forth Design","isPartOf":{"@id":"https:\/\/forth.se\/#website"},"primaryImageOfPage":{"@id":"https:\/\/forth.se\/#primaryimage"},"image":{"@id":"https:\/\/forth.se\/#primaryimage"},"thumbnailUrl":"https:\/\/forth.se\/webb2024\/wp-content\/uploads\/2024\/10\/site-image-1200x675-100.jpg","datePublished":"2024-09-03T07:48:18+00:00","dateModified":"2025-05-10T09:58:50+00:00","description":"En byr\u00e5 f\u00f6r visuell kommunikation och design. Vi f\u00f6rmedlar, formger, f\u00f6rklarar och begripligg\u00f6r.","breadcrumb":{"@id":"https:\/\/forth.se\/#breadcrumb"},"inLanguage":"en-US","potentialAction":[{"@type":"ReadAction","target":["https:\/\/forth.se\/"]}]},{"@type":"ImageObject","inLanguage":"en-US","@id":"https:\/\/forth.se\/#primaryimage","url":"https:\/\/forth.se\/webb2024\/wp-content\/uploads\/2024\/10\/site-image-1200x675-100.jpg","contentUrl":"https:\/\/forth.se\/webb2024\/wp-content\/uploads\/2024\/10\/site-image-1200x675-100.jpg","width":1200,"height":675,"caption":"Forth Design"},{"@type":"BreadcrumbList","@id":"https:\/\/forth.se\/#breadcrumb","itemListElement":[{"@type":"ListItem","position":1,"name":"Home","item":"https:\/\/forth.se\/"},{"@type":"ListItem","position":2,"name":"Visuell kommunikation, design och begripliggorande"}]},{"@type":"WebSite","@id":"https:\/\/forth.se\/#website","url":"https:\/\/forth.se\/","name":"Forth Design","description":"Begripligg\u00f6rande design och kommunikation","publisher":{"@id":"https:\/\/forth.se\/#organization"},"potentialAction":[{"@type":"SearchAction","target":{"@type":"EntryPoint","urlTemplate":"https:\/\/forth.se\/?s={search_term_string}"},"query-input":{"@type":"PropertyValueSpecification","valueRequired":true,"valueName":"search_term_string"}}],"inLanguage":"en-US"},{"@type":"Organization","@id":"https:\/\/forth.se\/#organization","name":"Forth Design","url":"https:\/\/forth.se\/","logo":{"@type":"ImageObject","inLanguage":"en-US","@id":"https:\/\/forth.se\/#\/schema\/logo\/image\/","url":"https:\/\/forth.se\/webb2024\/wp-content\/uploads\/2024\/10\/Organization-logo-696x696-100.jpg","contentUrl":"https:\/\/forth.se\/webb2024\/wp-content\/uploads\/2024\/10\/Organization-logo-696x696-100.jpg","width":696,"height":697,"caption":"Forth Design"},"image":{"@id":"https:\/\/forth.se\/#\/schema\/logo\/image\/"},"sameAs":["https:\/\/www.linkedin.com\/in\/mikaelforth\/"],"description":"Forth Design arbetar med visuell kommunikation och design. V\u00e5ra kunder har ofta en komplex fr\u00e5ga som beh\u00f6ver g\u00f6ras begriplig. Det kan handla om \u00e4mnen som social, ekonomisk och milj\u00f6m\u00e4ssig h\u00e5llbarhet samt finansiell f\u00f6rmedling.","email":"mikael@forth.se","legalName":"4th Design AB"}]}},"_links":{"self":[{"href":"https:\/\/forth.se\/index.php\/wp-json\/wp\/v2\/pages\/6","targetHints":{"allow":["GET"]}}],"collection":[{"href":"https:\/\/forth.se\/index.php\/wp-json\/wp\/v2\/pages"}],"about":[{"href":"https:\/\/forth.se\/index.php\/wp-json\/wp\/v2\/types\/page"}],"author":[{"embeddable":true,"href":"https:\/\/forth.se\/index.php\/wp-json\/wp\/v2\/users\/1"}],"replies":[{"embeddable":true,"href":"https:\/\/forth.se\/index.php\/wp-json\/wp\/v2\/comments?post=6"}],"version-history":[{"count":107,"href":"https:\/\/forth.se\/index.php\/wp-json\/wp\/v2\/pages\/6\/revisions"}],"predecessor-version":[{"id":812,"href":"https:\/\/forth.se\/index.php\/wp-json\/wp\/v2\/pages\/6\/revisions\/812"}],"wp:featuredmedia":[{"embeddable":true,"href":"https:\/\/forth.se\/index.php\/wp-json\/wp\/v2\/media\/671"}],"wp:attachment":[{"href":"https:\/\/forth.se\/index.php\/wp-json\/wp\/v2\/media?parent=6"}],"curies":[{"name":"wp","href":"https:\/\/api.w.org\/{rel}","templated":true}]}}